{"id":2,"date":"2020-05-24T03:48:21","date_gmt":"2020-05-24T03:48:21","guid":{"rendered":"http:\/\/jfromm.de\/?page_id=2"},"modified":"2024-07-17T13:34:43","modified_gmt":"2024-07-17T13:34:43","slug":"sample-page","status":"publish","type":"page","link":"https:\/\/jfromm.de\/","title":{"rendered":"Jens Fromm &#8211; Chief Operations Officer, govdigital eG"},"content":{"rendered":"<p>Ich unterst\u00fctze seit mehr als zwei Jahrzehnten Bund und L\u00e4nder bei der Konzeption und Umsetzung digitaler Vorhaben. Zu meinen Schwerpunkten z\u00e4hlen insbesondere betriebliche und organisatorische Transformationsprozesse, Digitalisierungsstrategien und technisch innovative Umsetzungen.<\/p>\n<p>Als Chief Operations Officer bei der govdigital eG bin ich verantwortlich f\u00fcr den Betrieb und die Umsetzung der laufenden IT-Projekte der Genossenschaft. Vorher war ich u.a. Leiter der Technologieberatungssparte (BTS) des \u00f6ffentlichen Sektors bei Capgemini, stellvertretender Vorstand des \u00f6ffentlichen Landesdienstleisters ITDZ Berlin sowie Abteilungsleiter f\u00fcr den Gesch\u00e4ftsbereich Digital Public Services am Fraunhofer Institut FOKUS.<\/p>\n<p><em><strong>Schreiben Sie mir gerne eine Nachricht an info@jfromm.de!<\/strong><\/em><\/p>\n<hr \/>\n<p><strong>Berufspraktische Erfahrungen<\/strong><\/p>\n<p><em>seit April 2023 govdigital eG<\/em><\/p>\n<ul>\n<li>Chief Operations Officer<\/li>\n<\/ul>\n<p><em>Okt 19 &#8211; M\u00e4r 23 Capgemini Deutschland GmbH<\/em><\/p>\n<ul>\n<li>Head of Public Sector, Business &amp; Technology Solutions<\/li>\n<\/ul>\n<p><em>Jul 19 \u2013 Sep 19 Elternzeit<\/em><\/p>\n<p><em>Jan 17 \u2013 Jun 19 IT-Dienstleistungszentrum Berlin<\/em><\/p>\n<ul>\n<li>stellvertretender Vorstand<\/li>\n<li>Leitung Kundenmanagement<\/li>\n<li>Leitung Service- und Produktportfolio<\/li>\n<li>Leitung E-Governmentprojekte<\/li>\n<\/ul>\n<p><em>Jul 05 \u2013 Dez 16 Fraunhofer Institut f\u00fcr offene Kommunikationssysteme, Berlin<\/em><\/p>\n<ul>\n<li>Abteilungsleiter Digital Public Services (DPS) (2015 \u2013 2016),<\/li>\n<li>Leiter Kompetenzzentrum \u00d6ffentliche IT (\u00d6FIT), gef\u00f6rdert vom Bundesministerium des Innern (BMI) (2013 \u2013 2016),<\/li>\n<li>Leiter Common Criteria Certification Labor (CertLab), Partner des Bundesamts f\u00fcr Sicherheit in der IT (BSI) (2013 \u2013 2016),<\/li>\n<li>Leiter Test- und Demonstrationszentrum Neuer Personalausweis (2009 \u2013 2012),<\/li>\n<li>Partnermanager des eGovernment-Labor (2005 \u2013 2008)<\/li>\n<\/ul>\n<p><em>Feb 02 \u2013 Jun 05 World Trade Center Frankfurt (Oder), Slubice<\/em><\/p>\n<p><em>Dez 04 \u2013 Apr 05 Wyzsza Szkola Bankowa Poznan, Polen<\/em><\/p>\n<p><em>Jun 02 \u2013 Sep 02 World Trade Center North Carolina, USA<\/em><\/p>\n<p><em>Feb 00 \u2013 Apr 02 Kommunikationsdienste GmbH, Berlin<\/em><\/p>\n<p><em>Aug 98 \u2013 M\u00e4r 99 Studio Orchid\u00e9e, Paris<\/em><\/p>\n<p><em>Sep 96 \u2013 Okt 97 Diakonie-Station, Berlin<\/em><\/p>\n<p><strong>Ausbildung und Studium<\/strong><\/p>\n<p><em>Apr 99 \u2013 Feb 09 Freie Universit\u00e4t zu Berlin<\/em><\/p>\n<p>Abschluss: Magister Atrium<br \/>\nF\u00e4cher: Politikwissenschaft, Soziologie, Nordamerikastudien<br \/>\nSchwerpunkte: Vertrauen, soziales Kapital, USA, Europa, internationale Beziehungen, Gesellschafts- und Demokratietheorien, E-Government<\/p>\n<p><em>Sep 97 \u2013 Jul 98 International Language School, London<\/em><\/p>\n<p><strong>Ehrenamtliche T\u00e4tigkeiten<\/strong><\/p>\n<p>Nov 19 \u2013 M\u00e4r 23 Mitglied im Ausschuss f\u00fcr Forschung und Projekte des nationalen E-Government-Kompetenzzentrum e.V (NEGZ)<\/p>\n<p>Jan 17 \u2013 Jun 19\u00a0 Mitglied der Jury des Innovationspreises Berlin-Brandenburg<\/p>\n<p>M\u00e4r 13 \u2013 Nov 16 Kolumnist mit \u201eFromm gesagt\u201c im Beh\u00f6rdenspiegel<\/p>\n<p>Mai 12 \u2013 Jan 17 Mitglied im Beirat der OMNISECURE, ehemals OMNICARD<\/p>\n<p>Mai 13 \u2013 Jun 15 Mitglied der Jury der Euro-ID in Frankfurt (Main)<\/p>\n<p>Jan 11 \u2013 Dez 11 Mitglied im Beirat der Kantara Initiative<\/p>\n<p>Jul 10 \u2013 Dez 13 Mitglied im Beirat von Trust in Digital Life<\/p>\n<p>M\u00e4r 09 \u2013 Dez 16 Mitglied im Scientific Committee der IADIS Conference on Computer Science<\/p>\n<p>Jan 09 \u2013 Dez 13 Mitglied im Bund f\u00fcr Umwelt und Naturschutz Deutschland e.V. (BUND)<\/p>\n<p>Jul 05 \u2013 Jul 07 Mitarbeit im EU-INTERREG-Projekt \u201eIntegration von behinderten Arbeitnehmern in der deutsch-polnischen Grenzregion\u201c<\/p>\n<p>Apr 04 \u2013 Jul 05 Vorstandsvorsitzender des Vereins \u201eEntwicklung und F\u00f6rderung der Wirtschaft in den Euroregionen e.V.\u201c, Frankfurt (Oder)<\/p>\n<p>Feb 01 \u2013 Apr 02 Betriebsratsvorsitzender in der Kommunikationsdienste GmbH, Unternehmen mit ca. 150 Mitarbeitern<\/p>\n<p>seit Dez 2000 Mitglied der Johanniter Unfallhilfe, Berlin<\/p>\n<p><strong>Publikationen<\/strong><\/p>\n<p>Fromm, Jens: Brennglas Corona: Was wir \u00fcber die Verwaltung und Gesellschaft lernen k\u00f6nnen, eGovernment Computing, Vogel Communications Group, Mai 2020<\/p>\n<p>Hoepner, Petra et al. 2016: Digitalisierung des \u00d6ffentlichen. Herausgeber: Jens Fromm, Kompetenzzentrum \u00d6ffentliche IT, ISBN: 978-3-9816025-4-8, Dezember 2016<\/p>\n<p>Fromm, Jens, Welzel, Christian, Nentwig, Lutz, Weber, Mike, 2015: E-Government in Deutschland: Vom Abstieg zum Aufstieg. Berlin: Kompetenzzentrum \u00d6ffentliche IT und Nationaler Normenkontrollrat, November 2015<\/p>\n<p>Hinz, Ulrike, Wegener, Nora, Weber, Mike, Fromm, Jens: Digitales b\u00fcrgerschaftliches Engagement, Kompetenzzentrum \u00d6ffentliche IT, September 2014<\/p>\n<p>Fromm, Jens, Weber, Mike: \u00d6FIT-Trendschau \u2013 \u00d6ffentliche Informationstechnologie in der digitalisierten Gesellschaft, Trend- und Themensammlung, ISBN: 978-3-9816025-2-4, Juli 2014<\/p>\n<p>Fromm, Jens, Hansen, Marit, Hornung, Gerrit, M\u00fcller, Philipp, Ruge, Kay, Springeneer, Helga: Menschen in der digitalen Gesellschaft, Kompetenzzentrum \u00d6ffentliche IT, Mai 2014<\/p>\n<p>Fromm, Jens, Hoepner, Petra, Welzel, Christian: Referenzmodell \u00d6ffentliche IT, Kompetenzzentrum \u00d6ffentliche IT, M\u00e4rz 2014<\/p>\n<p>Fromm, Jens, Gauch, Stephan, Kaiser, Tristan, Weber, Mike: \u00d6FIT-Trendschau \u2013 Innovationsfelder \u00f6ffentlicher IT, ISBN: 978-3-98-16025-1-7, November 2013<\/p>\n<p>Fromm, Jens, Ziesing, Jan: Neue Trends im Identit\u00e4ts- und Access-Management, Computerwoche, November 2013<\/p>\n<p>Fromm, Jens, Hoepner, Petra, Pattberg, Jonas, Welzel, Christian: 3 Jahres Personalausweis \u2013 Lessons Learned, Kompetenzzentrum \u00d6ffentliche IT, Oktober 2013<\/p>\n<p>Fromm, Jens, Hoepner, Petra, Pattberg, Jonas, Welzel, Christian: Vertrauensw\u00fcrdige digitale Identit\u00e4t: Baustein f\u00fcr \u00f6ffentliche IT, Kompetenzzentrum \u00d6ffentliche IT, Oktober 2013<\/p>\n<p>Fromm, Jens: \u00d6ffentliche IT \u2013 grenz\u00fcberschreitend denken in: Kommune 21, K21 media AG, T\u00fcbingen, Oktober 2013.<\/p>\n<p>Fromm, Jens, Hoepner, Petra, Weber, Mike, Welzel, Christian: \u00d6ffentliche Informationstechnologie: Abgrenzung und Handlungsfelder, ISBN: 978-3-9816025-0-0, Juni 2013<\/p>\n<p>Fromm, Jens: Elektronische Identit\u00e4ten, in VITAKO aktuell, K\u00f6ln, Februar 2012.<\/p>\n<p>Fromm, Jens; Grigorian, Marina: Schutz des eigenen Ichs, in Kommune 21, K21 media AG, T\u00fcbingen, Februar 2011.<\/p>\n<p>Fromm, Jens; Hoepner, Petra: The New German eID Card, in: Handbook of eID Security, Walter Fumy, Manfred Paeschke, ISBN: 978-3-89578-379-1.<\/p>\n<p>Fromm, Jens: Sichere Gesch\u00e4fte mit dem neuen Personalausweis, in Computerwoche Nr.50 vom 13. Dezember 2010, Verlag IDG Business Media GmbH.<\/p>\n<p>Fromm, Jens: Revolution f\u00fcr E-Government und den Online-Handel, in Wirtschaft Konkret, Verlag F.A.N.-Kunstanstalt GmbH, Dezember 2010.<\/p>\n<p>Fromm, Jens: Der neue Personalausweis ist da \u2013 Datenschutz in Scheckkartenformat!, eGovernment Kompendium, Wegweiser Verlag, 2010.<\/p>\n<p>Fromm, Jens: Ab jetzt f\u00fcr jedermann und nicht nur f\u00fcr Mustermann, Beh\u00f6rden Spiegel, November 2010.<\/p>\n<p>Fromm, Jens: Der neue Personalausweis ist da!, in Deutsches Forschungsnetzwerk-Zeitschrift, November 2010.<\/p>\n<p>Fromm, Jens: Perso im Test, in Kommune 21, K21 media AG, T\u00fcbingen, September 2010.<\/p>\n<p>Fromm, Jens: Erika Mustermann in der digitalen Welt, Beh\u00f6rden Spiegel, September 2010.<\/p>\n<p>Fromm, Jens: F\u00e4lschungssicheres Dokument, W&amp;S, Das Sicherheitsmagazin, Verlag I.G.T. Informationsgesellschaft Technik mbH, Mai 2010.<\/p>\n<p>Fromm, Jens, Hoepner, Petra: Jeder Mensch ist Viele, eine Vision eines b\u00fcrgerfreundlichen Identit\u00e4tsmanagements, in: Move Moderne Verwaltung, K21 media AG, T\u00fcbingen, November 2009.<\/p>\n<p>Fromm, Jens, Hoepner, Petra, Steinacker, Angelika, Zwerch, Wolfgang: B\u00fcrgerfreundliches Identit\u00e4tsmanagement \u2013 Rahmenarchitektur und technischer L\u00f6sungsvorschlag, ISPRAT White Paper, August 2009.<\/p>\n<p>Breitenstrom, Christian, Eckert, Klaus-Peter, Fromm, Jens: Interoperability \u2013 A Challenge of the EU Services Directive, in: Interoperability in Digital Public Services and Administration: Bridging E-Government and E-Business, Yannis Charalabidis, IGI-Global book, ISBN: 978-1-61520-887-6, July 2009.<\/p>\n<p>Fromm, Jens, Hoffmann, Josephine, Martin, Philipp: Wirtschaftlichkeit und Interoperabilit\u00e4t des Modernen Verwaltungsarbeitsplatz, White Paper Fraunhofer FOKUS und IAO, Januar 2009.<\/p>\n<p>Breitenstrom, Christian, Fromm, Jens: Interoperability in EU service directive implementations, in: European Journal of Practice, <a href=\"http:\/\/www.epracticejournal.eu\/\">http:\/\/www.epracticejournal.eu\/<\/a>, December 2008.<\/p>\n<p>Dr. Dirk Graudenz mit Beitr\u00e4gen u.a. von Jens Fromm: Elektronisches Identit\u00e4tsmanagement \u2013 Mehr Einfachheit, Datenhoheit und Datensicherheit in unserer virtualisierten Welt, ISPRAT Whitepaper, Herausgeber: Matthias Kammer, Marie-Therese Huppertz, Staatssekret\u00e4r Horst Westerfeld, November 2008.<\/p>\n<p>Fromm, Jens, Kaiser, Uwe: EU-Dienstleistungsrichtline \u2013 Interoperabilit\u00e4t ist ein Muss, in: Kommune 21, K21 media AG, T\u00fcbingen, Oktober 2008.<\/p>\n<p>Fromm, Jens, Hoepner, Petra: Interoperabilit\u00e4t von Identit\u00e4ten, in: Move Moderne Verwaltung, K21 media AG, T\u00fcbingen, Oktober 2008.<\/p>\n<p>Fromm, Jens, Hoepner, Petra: Schutz f\u00fcrs Ich, in: Move Moderne Verwaltung, K21 media AG, T\u00fcbingen, September 2008.<\/p>\n<p>Fromm, Jens: Vereinfachung des Identit\u00e4tsmanagements, in: InformationWeek, CMP-WEKA Vlg., Kissing, Mai 2008.<\/p>\n<p>Brunzel, Marco, Fromm, Jens: Interkommunale eGovernment-Architekturen in der Verwaltung, in: KommunalPraxis Spezial, Carl Link Vlg., Kronach, 2006.<\/p>\n","protected":false},"excerpt":{"rendered":"<p>Ich unterst\u00fctze seit mehr als zwei Jahrzehnten Bund und L\u00e4nder bei der Konzeption und Umsetzung digitaler Vorhaben. Zu meinen Schwerpunkten z\u00e4hlen insbesondere betriebliche und organisatorische Transformationsprozesse, Digitalisierungsstrategien und technisch innovative Umsetzungen. Als Chief Operations Officer bei der govdigital eG bin ich verantwortlich f\u00fcr den Betrieb und die Umsetzung der laufenden IT-Projekte der Genossenschaft. Vorher war &hellip; <\/p>\n<p class=\"link-more\"><a href=\"https:\/\/jfromm.de\/\" class=\"more-link\"><span class=\"screen-reader-text\">\u201eJens Fromm &#8211; Chief Operations Officer, govdigital eG\u201c <\/span>weiterlesen<\/a><\/p>\n","protected":false},"author":1,"featured_media":0,"parent":0,"menu_order":0,"comment_status":"closed","ping_status":"closed","template":"","meta":{"footnotes":""},"class_list":["post-2","page","type-page","status-publish","hentry"],"_links":{"self":[{"href":"https:\/\/jfromm.de\/index.php?rest_route=\/wp\/v2\/pages\/2","targetHints":{"allow":["GET"]}}],"collection":[{"href":"https:\/\/jfromm.de\/index.php?rest_route=\/wp\/v2\/pages"}],"about":[{"href":"https:\/\/jfromm.de\/index.php?rest_route=\/wp\/v2\/types\/page"}],"author":[{"embeddable":true,"href":"https:\/\/jfromm.de\/index.php?rest_route=\/wp\/v2\/users\/1"}],"replies":[{"embeddable":true,"href":"https:\/\/jfromm.de\/index.php?rest_route=%2Fwp%2Fv2%2Fcomments&post=2"}],"version-history":[{"count":15,"href":"https:\/\/jfromm.de\/index.php?rest_route=\/wp\/v2\/pages\/2\/revisions"}],"predecessor-version":[{"id":33,"href":"https:\/\/jfromm.de\/index.php?rest_route=\/wp\/v2\/pages\/2\/revisions\/33"}],"wp:attachment":[{"href":"https:\/\/jfromm.de\/index.php?rest_route=%2Fwp%2Fv2%2Fmedia&parent=2"}],"curies":[{"name":"wp","href":"https:\/\/api.w.org\/{rel}","templated":true}]}}